{"id":199,"date":"2024-01-11T22:18:04","date_gmt":"2024-01-12T03:18:04","guid":{"rendered":"https:\/\/sibayosamanawasi.com\/?page_id=199"},"modified":"2024-04-02T17:02:45","modified_gmt":"2024-04-02T22:02:45","slug":"nosotros","status":"publish","type":"page","link":"https:\/\/sibayosamanawasi.com\/en\/nosotros\/","title":{"rendered":"Nosotros"},"content":{"rendered":"<div data-elementor-type=\"wp-page\" data-elementor-id=\"199\" class=\"elementor elementor-199\">\n\t\t\t\t\t\t\t<div class=\"elementor-element elementor-element-7cae8de e-flex e-con-boxed e-con e-parent\" data-id=\"7cae8de\" data-element_type=\"container\" data-settings=\"{&quot;background_background&quot;:&quot;classic&quot;,&quot;content_width&quot;:&quot;boxed&quot;}\" data-core-v316-plus=\"true\">\n\t\t\t\t\t<div class=\"e-con-inner\">\n\t\t<div class=\"elementor-element elementor-element-7f3f0a8 e-flex e-con-boxed e-con e-child\" data-id=\"7f3f0a8\" data-element_type=\"container\" data-settings=\"{&quot;content_width&quot;:&quot;boxed&quot;}\">\n\t\t\t\t\t<div class=\"e-con-inner\">\n\t\t\t\t<div class=\"elementor-element elementor-element-d9a4101 elementor-widget elementor-widget-heading\" data-id=\"d9a4101\" data-element_type=\"widget\" data-widget_type=\"heading.default\">\n\t\t\t\t<div class=\"elementor-widget-container\">\n\t\t\t<style>\/*! elementor - v3.18.0 - 20-12-2023 *\/\n.elementor-heading-title{padding:0;margin:0;line-height:1}.elementor-widget-heading .elementor-heading-title[class*=elementor-size-]>a{color:inherit;font-size:inherit;line-height:inherit}.elementor-widget-heading .elementor-heading-title.elementor-size-small{font-size:15px}.elementor-widget-heading .elementor-heading-title.elementor-size-medium{font-size:19px}.elementor-widget-heading .elementor-heading-title.elementor-size-large{font-size:29px}.elementor-widget-heading .elementor-heading-title.elementor-size-xl{font-size:39px}.elementor-widget-heading .elementor-heading-title.elementor-size-xxl{font-size:59px}<\/style><h1 class=\"elementor-heading-title elementor-size-default\">NOSOTROS<\/h1>\t\t<\/div>\n\t\t\t\t<\/div>\n\t\t\t\t\t<\/div>\n\t\t\t\t<\/div>\n\t\t\t\t\t<\/div>\n\t\t\t\t<\/div>\n\t\t<div class=\"elementor-element elementor-element-2e3d44d e-con-full e-flex e-con e-parent\" data-id=\"2e3d44d\" data-element_type=\"container\" data-settings=\"{&quot;content_width&quot;:&quot;full&quot;}\" data-core-v316-plus=\"true\">\n\t\t<div class=\"elementor-element elementor-element-b52ef0b e-con-full e-flex e-con e-child\" data-id=\"b52ef0b\" data-element_type=\"container\" data-settings=\"{&quot;content_width&quot;:&quot;full&quot;}\">\n\t\t\t\t<div class=\"elementor-element elementor-element-9312041 elementor-widget elementor-widget-heading\" data-id=\"9312041\" data-element_type=\"widget\" data-widget_type=\"heading.default\">\n\t\t\t\t<div class=\"elementor-widget-container\">\n\t\t\t<h2 class=\"elementor-heading-title elementor-size-default\">Nuestras vivencias son parte del Turismo Rural Comunitario<\/h2>\t\t<\/div>\n\t\t\t\t<\/div>\n\t\t\t\t<div class=\"elementor-element elementor-element-f01851a elementor-widget elementor-widget-heading\" data-id=\"f01851a\" data-element_type=\"widget\" data-widget_type=\"heading.default\">\n\t\t\t\t<div class=\"elementor-widget-container\">\n\t\t\t<p class=\"elementor-heading-title elementor-size-default\">\u00a1Bienvenidos a nuestra casa de turismo rural comunitario SAMANA WASI!\n<br>En medio de la belleza natural de nuestro pueblo, les ofrecemos un refugio acogedor y aut\u00e9ntico donde podr\u00e1n experimentar la vida rural de manera \u00fanica. Nuestro hogar no es solo un lugar para alojarse, sino un espacio donde convergen la hospitalidad local, la sostenibilidad ambiental y el compromiso con la comunidad.\n<br>Ubicada en Sibayo, nuestra casa rural es mucho m\u00e1s que un simple alojamiento. Aqu\u00ed, cada rinc\u00f3n cuenta una historia de tradici\u00f3n y arraigo a la tierra, donde el paisaje es el escenario principal y las personas locales son los verdaderos protagonistas.\n<br>Desde deliciosas comidas caseras preparadas con ingredientes locales hasta emocionantes excursiones guiadas por nuestros paisajes naturales, en nuestra casa rural encontrar\u00e1n una amplia gama de experiencias dise\u00f1adas para conectar con la esencia de nuestra cultura y estilo de vida.\n<br>Les invitamos a ser parte de esta experiencia \u00fanica de turismo rural comunitario, donde cada visita deja una huella positiva tanto en nuestros corazones como en el entorno que nos rodea. \u00a1Bienvenidos a nuestra casa, su hogar en la naturaleza!<\/p>\t\t<\/div>\n\t\t\t\t<\/div>\n\t\t\t\t<\/div>\n\t\t\t\t<\/div>\n\t\t<div class=\"elementor-element elementor-element-f3da51d e-flex e-con-boxed e-con e-parent\" data-id=\"f3da51d\" data-element_type=\"container\" data-settings=\"{&quot;background_background&quot;:&quot;classic&quot;,&quot;content_width&quot;:&quot;boxed&quot;}\" data-core-v316-plus=\"true\">\n\t\t\t\t\t<div class=\"e-con-inner\">\n\t\t<div class=\"elementor-element elementor-element-fe5c7c5 e-con-full e-flex e-con e-child\" data-id=\"fe5c7c5\" data-element_type=\"container\" data-settings=\"{&quot;content_width&quot;:&quot;full&quot;}\">\n\t\t\t\t<div class=\"elementor-element elementor-element-5bc6eaa elementor-widget elementor-widget-heading\" data-id=\"5bc6eaa\" data-element_type=\"widget\" data-widget_type=\"heading.default\">\n\t\t\t\t<div class=\"elementor-widget-container\">\n\t\t\t<h2 class=\"elementor-heading-title elementor-size-default\">Nuestra misi\u00f3n<\/h2>\t\t<\/div>\n\t\t\t\t<\/div>\n\t\t\t\t<div class=\"elementor-element elementor-element-67d0498 elementor-widget elementor-widget-heading\" data-id=\"67d0498\" data-element_type=\"widget\" data-widget_type=\"heading.default\">\n\t\t\t\t<div class=\"elementor-widget-container\">\n\t\t\t<p class=\"elementor-heading-title elementor-size-default\">Nuestra misi\u00f3n es ofrecer una experiencia inolvidable, basada en el contacto directo con la naturaleza, la poblaci\u00f3n, la cultura y tradiciones, en un entorno privilegiado que preservaremos para el futuro.<\/p>\t\t<\/div>\n\t\t\t\t<\/div>\n\t\t\t\t<\/div>\n\t\t<div class=\"elementor-element elementor-element-cfbafbf e-con-full e-flex e-con e-child\" data-id=\"cfbafbf\" data-element_type=\"container\" data-settings=\"{&quot;content_width&quot;:&quot;full&quot;,&quot;background_background&quot;:&quot;classic&quot;}\">\n\t\t\t\t<\/div>\n\t\t\t\t\t<\/div>\n\t\t\t\t<\/div>\n\t\t<div class=\"elementor-element elementor-element-6b97efc e-flex e-con-boxed e-con e-parent\" data-id=\"6b97efc\" data-element_type=\"container\" data-settings=\"{&quot;background_background&quot;:&quot;classic&quot;,&quot;content_width&quot;:&quot;boxed&quot;}\" data-core-v316-plus=\"true\">\n\t\t\t\t\t<div class=\"e-con-inner\">\n\t\t<div class=\"elementor-element elementor-element-6b61d78 e-con-full e-flex e-con e-child\" data-id=\"6b61d78\" data-element_type=\"container\" data-settings=\"{&quot;content_width&quot;:&quot;full&quot;,&quot;background_background&quot;:&quot;classic&quot;}\">\n\t\t\t\t<\/div>\n\t\t<div class=\"elementor-element elementor-element-115c063 e-con-full e-flex e-con e-child\" data-id=\"115c063\" data-element_type=\"container\" data-settings=\"{&quot;content_width&quot;:&quot;full&quot;}\">\n\t\t\t\t<div class=\"elementor-element elementor-element-e818a52 elementor-widget elementor-widget-heading\" data-id=\"e818a52\" data-element_type=\"widget\" data-widget_type=\"heading.default\">\n\t\t\t\t<div class=\"elementor-widget-container\">\n\t\t\t<h2 class=\"elementor-heading-title elementor-size-default\">Nuestra visi\u00f3n<\/h2>\t\t<\/div>\n\t\t\t\t<\/div>\n\t\t\t\t<div class=\"elementor-element elementor-element-4224f77 elementor-widget elementor-widget-heading\" data-id=\"4224f77\" data-element_type=\"widget\" data-widget_type=\"heading.default\">\n\t\t\t\t<div class=\"elementor-widget-container\">\n\t\t\t<p class=\"elementor-heading-title elementor-size-default\">Nuestra visi\u00f3n de turismo rural se basa en valores de respeto por la naturaleza, el patrimonio cultural y el desarrollo sostenible. Nos esforzamos por ofrecer a nuestros visitantes una experiencia enriquecedora que vaya m\u00e1s all\u00e1 del simple disfrute vacacional, invit\u00e1ndolos a sumergirse en la vida cotidiana de nuestra comunidad y a participar activamente en nuestras actividades y proyectos.<\/p>\t\t<\/div>\n\t\t\t\t<\/div>\n\t\t\t\t<\/div>\n\t\t\t\t\t<\/div>\n\t\t\t\t<\/div>\n\t\t<div class=\"elementor-element elementor-element-d3ff006 e-flex e-con-boxed e-con e-parent\" data-id=\"d3ff006\" data-element_type=\"container\" data-settings=\"{&quot;background_background&quot;:&quot;classic&quot;,&quot;content_width&quot;:&quot;boxed&quot;}\" data-core-v316-plus=\"true\">\n\t\t\t\t\t<div class=\"e-con-inner\">\n\t\t\t\t<div class=\"elementor-element elementor-element-b8cac36 elementor-widget elementor-widget-heading\" data-id=\"b8cac36\" data-element_type=\"widget\" data-widget_type=\"heading.default\">\n\t\t\t\t<div class=\"elementor-widget-container\">\n\t\t\t<h2 class=\"elementor-heading-title elementor-size-default\">\u00bfQuieres ser parte de una experiencia unica?<\/h2>\t\t<\/div>\n\t\t\t\t<\/div>\n\t\t\t\t<div class=\"elementor-element elementor-element-66b8d41 elementor-widget elementor-widget-heading\" data-id=\"66b8d41\" data-element_type=\"widget\" data-widget_type=\"heading.default\">\n\t\t\t\t<div class=\"elementor-widget-container\">\n\t\t\t<p class=\"elementor-heading-title elementor-size-default\">Escr\u00edbenos en este momento, ser\u00e1 un placer atenderte<\/p>\t\t<\/div>\n\t\t\t\t<\/div>\n\t\t\t\t<div class=\"elementor-element elementor-element-1a3c098 elementor-widget elementor-widget-button\" data-id=\"1a3c098\" data-element_type=\"widget\" data-widget_type=\"button.default\">\n\t\t\t\t<div class=\"elementor-widget-container\">\n\t\t\t\t\t<div class=\"elementor-button-wrapper\">\n\t\t\t<a class=\"elementor-button elementor-button-link elementor-size-sm\" href=\"https:\/\/wa.me\/51999891735\" target=\"_blank\" rel=\"nofollow\">\n\t\t\t\t\t\t<span class=\"elementor-button-content-wrapper\">\n\t\t\t\t\t\t<span class=\"elementor-button-icon elementor-align-icon-left\">\n\t\t\t\t<svg aria-hidden=\"true\" class=\"e-font-icon-svg e-fab-whatsapp\" viewbox=\"0 0 448 512\" xmlns=\"http:\/\/www.w3.org\/2000\/svg\"><path d=\"M380.9 97.1C339 55.1 283.2 32 223.9 32c-122.4 0-222 99.6-222 222 0 39.1 10.2 77.3 29.6 111L0 480l117.7-30.9c32.4 17.7 68.9 27 106.1 27h.1c122.3 0 224.1-99.6 224.1-222 0-59.3-25.2-115-67.1-157zm-157 341.6c-33.2 0-65.7-8.9-94-25.7l-6.7-4-69.8 18.3L72 359.2l-4.4-7c-18.5-29.4-28.2-63.3-28.2-98.2 0-101.7 82.8-184.5 184.6-184.5 49.3 0 95.6 19.2 130.4 54.1 34.8 34.9 56.2 81.2 56.1 130.5 0 101.8-84.9 184.6-186.6 184.6zm101.2-138.2c-5.5-2.8-32.8-16.2-37.9-18-5.1-1.9-8.8-2.8-12.5 2.8-3.7 5.6-14.3 18-17.6 21.8-3.2 3.7-6.5 4.2-12 1.4-32.6-16.3-54-29.1-75.5-66-5.7-9.8 5.7-9.1 16.3-30.3 1.8-3.7.9-6.9-.5-9.7-1.4-2.8-12.5-30.1-17.1-41.2-4.5-10.8-9.1-9.3-12.5-9.5-3.2-.2-6.9-.2-10.6-.2-3.7 0-9.7 1.4-14.8 6.9-5.1 5.6-19.4 19-19.4 46.3 0 27.3 19.9 53.7 22.6 57.4 2.8 3.7 39.1 59.7 94.8 83.8 35.2 15.2 49 16.5 66.6 13.9 10.7-1.6 32.8-13.4 37.4-26.4 4.6-13 4.6-24.1 3.2-26.4-1.3-2.5-5-3.9-10.5-6.6z\"><\/path><\/svg>\t\t\t<\/span>\n\t\t\t\t\t\t<span class=\"elementor-button-text\">ESCR\u00cdBENOS EN WHATSAPP<\/span>\n\t\t<\/span>\n\t\t\t\t\t<\/a>\n\t\t<\/div>\n\t\t\t\t<\/div>\n\t\t\t\t<\/div>\n\t\t\t\t\t<\/div>\n\t\t\t\t<\/div>\n\t\t\t\t\t\t\t<\/div>","protected":false},"excerpt":{"rendered":"<p>NOSOTROS Nuestras vivencias son parte del Turismo Rural Comunitario \u00a1Bienvenidos a nuestra casa de turismo rural comunitario SAMANA WASI! En [&hellip;]<\/p>","protected":false},"author":1,"featured_media":108,"parent":0,"menu_order":0,"comment_status":"closed","ping_status":"closed","template":"elementor_header_footer","meta":{"site-sidebar-layout":"no-sidebar","site-content-layout":"","ast-site-content-layout":"full-width-container","site-content-style":"default","site-sidebar-style":"default","ast-global-header-display":"","ast-banner-title-visibility":"","ast-main-header-display":"","ast-hfb-above-header-display":"","ast-hfb-below-header-display":"","ast-hfb-mobile-header-display":"","site-post-title":"disabled","ast-breadcrumbs-content":"","ast-featured-img":"disabled","footer-sml-layout":"","theme-transparent-header-meta":"","adv-header-id-meta":"","stick-header-meta":"","header-above-stick-meta":"","header-main-stick-meta":"","header-below-stick-meta":"","astra-migrate-meta-layouts":"default","ast-page-background-enabled":"default","ast-page-background-meta":{"desktop":{"background-color":"var(--ast-global-color-4)","background-image":"","background-repeat":"repeat","background-position":"center center","background-size":"auto","background-attachment":"scroll","background-type":"","background-media":"","overlay-type":"","overlay-color":"","overlay-gradient":""},"tablet":{"background-color":"","background-image":"","background-repeat":"repeat","background-position":"center center","background-size":"auto","background-attachment":"scroll","background-type":"","background-media":"","overlay-type":"","overlay-color":"","overlay-gradient":""},"mobile":{"background-color":"","background-image":"","background-repeat":"repeat","background-position":"center center","background-size":"auto","background-attachment":"scroll","background-type":"","background-media":"","overlay-type":"","overlay-color":"","overlay-gradient":""}},"ast-content-background-meta":{"desktop":{"background-color":"var(--ast-global-color-5)","background-image":"","background-repeat":"repeat","background-position":"center center","background-size":"auto","background-attachment":"scroll","background-type":"","background-media":"","overlay-type":"","overlay-color":"","overlay-gradient":""},"tablet":{"background-color":"var(--ast-global-color-5)","background-image":"","background-repeat":"repeat","background-position":"center center","background-size":"auto","background-attachment":"scroll","background-type":"","background-media":"","overlay-type":"","overlay-color":"","overlay-gradient":""},"mobile":{"background-color":"var(--ast-global-color-5)","background-image":"","background-repeat":"repeat","background-position":"center center","background-size":"auto","background-attachment":"scroll","background-type":"","background-media":"","overlay-type":"","overlay-color":"","overlay-gradient":""}},"two_page_speed":[],"footnotes":""},"class_list":["post-199","page","type-page","status-publish","has-post-thumbnail","hentry"],"yoast_head":"<!-- This site is optimized with the Yoast SEO plugin v22.3 - https:\/\/yoast.com\/wordpress\/plugins\/seo\/ -->\n<title>Nosotros | Sibayo Samana Wasi<\/title>\n<meta name=\"description\" content=\"Somos una familia que se dedica a realizar actividades de turismo vivencial en Sibayo organizando bonitas experiencias de viaje.\" \/>\n<meta name=\"robots\" content=\"index, follow, max-snippet:-1, max-image-preview:large, max-video-preview:-1\" \/>\n<link rel=\"canonical\" href=\"https:\/\/sibayosamanawasi.com\/en\/nosotros\/\" \/>\n<meta property=\"og:locale\" content=\"en_US\" \/>\n<meta property=\"og:type\" content=\"article\" \/>\n<meta property=\"og:title\" content=\"Nosotros | Sibayo Samana Wasi\" \/>\n<meta property=\"og:description\" content=\"Somos una familia que se dedica a realizar actividades de turismo vivencial en Sibayo organizando bonitas experiencias de viaje.\" \/>\n<meta property=\"og:url\" content=\"https:\/\/sibayosamanawasi.com\/en\/nosotros\/\" \/>\n<meta property=\"og:site_name\" content=\"Sibayo Samana Wasi\" \/>\n<meta property=\"article:publisher\" content=\"https:\/\/web.facebook.com\/samanawasisibayo\" \/>\n<meta property=\"article:modified_time\" content=\"2024-04-02T22:02:45+00:00\" \/>\n<meta property=\"og:image\" content=\"https:\/\/sibayosamanawasi.com\/wp-content\/uploads\/2024\/01\/logo-samana-wasi.jpg\" \/>\n\t<meta property=\"og:image:width\" content=\"1438\" \/>\n\t<meta property=\"og:image:height\" content=\"923\" \/>\n\t<meta property=\"og:image:type\" content=\"image\/jpeg\" \/>\n<meta name=\"twitter:card\" content=\"summary_large_image\" \/>\n<meta name=\"twitter:label1\" content=\"Est. reading time\" \/>\n\t<meta name=\"twitter:data1\" content=\"2 minutes\" \/>\n<script type=\"application\/ld+json\" class=\"yoast-schema-graph\">{\"@context\":\"https:\/\/schema.org\",\"@graph\":[{\"@type\":\"WebPage\",\"@id\":\"https:\/\/sibayosamanawasi.com\/nosotros\/\",\"url\":\"https:\/\/sibayosamanawasi.com\/nosotros\/\",\"name\":\"Nosotros | Sibayo Samana Wasi\",\"isPartOf\":{\"@id\":\"https:\/\/sibayosamanawasi.com\/#website\"},\"primaryImageOfPage\":{\"@id\":\"https:\/\/sibayosamanawasi.com\/nosotros\/#primaryimage\"},\"image\":{\"@id\":\"https:\/\/sibayosamanawasi.com\/nosotros\/#primaryimage\"},\"thumbnailUrl\":\"https:\/\/sibayosamanawasi.com\/wp-content\/uploads\/2024\/01\/logo-samana-wasi.jpg\",\"datePublished\":\"2024-01-12T03:18:04+00:00\",\"dateModified\":\"2024-04-02T22:02:45+00:00\",\"description\":\"Somos una familia que se dedica a realizar actividades de turismo vivencial en Sibayo organizando bonitas experiencias de viaje.\",\"breadcrumb\":{\"@id\":\"https:\/\/sibayosamanawasi.com\/nosotros\/#breadcrumb\"},\"inLanguage\":\"en-US\",\"potentialAction\":[{\"@type\":\"ReadAction\",\"target\":[\"https:\/\/sibayosamanawasi.com\/nosotros\/\"]}]},{\"@type\":\"ImageObject\",\"inLanguage\":\"en-US\",\"@id\":\"https:\/\/sibayosamanawasi.com\/nosotros\/#primaryimage\",\"url\":\"https:\/\/sibayosamanawasi.com\/wp-content\/uploads\/2024\/01\/logo-samana-wasi.jpg\",\"contentUrl\":\"https:\/\/sibayosamanawasi.com\/wp-content\/uploads\/2024\/01\/logo-samana-wasi.jpg\",\"width\":1438,\"height\":923},{\"@type\":\"BreadcrumbList\",\"@id\":\"https:\/\/sibayosamanawasi.com\/nosotros\/#breadcrumb\",\"itemListElement\":[{\"@type\":\"ListItem\",\"position\":1,\"name\":\"Portada\",\"item\":\"https:\/\/sibayosamanawasi.com\/\"},{\"@type\":\"ListItem\",\"position\":2,\"name\":\"Nosotros\"}]},{\"@type\":\"WebSite\",\"@id\":\"https:\/\/sibayosamanawasi.com\/#website\",\"url\":\"https:\/\/sibayosamanawasi.com\/\",\"name\":\"Sibayo Samana Wasi\",\"description\":\"Turismo Vivencial en Colca\",\"publisher\":{\"@id\":\"https:\/\/sibayosamanawasi.com\/#organization\"},\"potentialAction\":[{\"@type\":\"SearchAction\",\"target\":{\"@type\":\"EntryPoint\",\"urlTemplate\":\"https:\/\/sibayosamanawasi.com\/?s={search_term_string}\"},\"query-input\":\"required name=search_term_string\"}],\"inLanguage\":\"en-US\"},{\"@type\":\"Organization\",\"@id\":\"https:\/\/sibayosamanawasi.com\/#organization\",\"name\":\"Sibayo Samana Wasi\",\"url\":\"https:\/\/sibayosamanawasi.com\/\",\"logo\":{\"@type\":\"ImageObject\",\"inLanguage\":\"en-US\",\"@id\":\"https:\/\/sibayosamanawasi.com\/#\/schema\/logo\/image\/\",\"url\":\"https:\/\/sibayosamanawasi.com\/wp-content\/uploads\/2024\/01\/logo-samana-was-pequeno.jpg\",\"contentUrl\":\"https:\/\/sibayosamanawasi.com\/wp-content\/uploads\/2024\/01\/logo-samana-was-pequeno.jpg\",\"width\":869,\"height\":587,\"caption\":\"Sibayo Samana Wasi\"},\"image\":{\"@id\":\"https:\/\/sibayosamanawasi.com\/#\/schema\/logo\/image\/\"},\"sameAs\":[\"https:\/\/web.facebook.com\/samanawasisibayo\",\"https:\/\/youtube.com\/@SIBAYOSAMANAWASI-fc5sx?si=uD1nqO-8JbkCMAFf\"]}]}<\/script>\n<!-- \/ Yoast SEO plugin. -->","yoast_head_json":{"title":"Nosotros | Sibayo Samana Wasi","description":"Somos una familia que se dedica a realizar actividades de turismo vivencial en Sibayo organizando bonitas experiencias de viaje.","robots":{"index":"index","follow":"follow","max-snippet":"max-snippet:-1","max-image-preview":"max-image-preview:large","max-video-preview":"max-video-preview:-1"},"canonical":"https:\/\/sibayosamanawasi.com\/en\/nosotros\/","og_locale":"en_US","og_type":"article","og_title":"Nosotros | Sibayo Samana Wasi","og_description":"Somos una familia que se dedica a realizar actividades de turismo vivencial en Sibayo organizando bonitas experiencias de viaje.","og_url":"https:\/\/sibayosamanawasi.com\/en\/nosotros\/","og_site_name":"Sibayo Samana Wasi","article_publisher":"https:\/\/web.facebook.com\/samanawasisibayo","article_modified_time":"2024-04-02T22:02:45+00:00","og_image":[{"width":1438,"height":923,"url":"https:\/\/sibayosamanawasi.com\/wp-content\/uploads\/2024\/01\/logo-samana-wasi.jpg","type":"image\/jpeg"}],"twitter_card":"summary_large_image","twitter_misc":{"Est. reading time":"2 minutes"},"schema":{"@context":"https:\/\/schema.org","@graph":[{"@type":"WebPage","@id":"https:\/\/sibayosamanawasi.com\/nosotros\/","url":"https:\/\/sibayosamanawasi.com\/nosotros\/","name":"Nosotros | Sibayo Samana Wasi","isPartOf":{"@id":"https:\/\/sibayosamanawasi.com\/#website"},"primaryImageOfPage":{"@id":"https:\/\/sibayosamanawasi.com\/nosotros\/#primaryimage"},"image":{"@id":"https:\/\/sibayosamanawasi.com\/nosotros\/#primaryimage"},"thumbnailUrl":"https:\/\/sibayosamanawasi.com\/wp-content\/uploads\/2024\/01\/logo-samana-wasi.jpg","datePublished":"2024-01-12T03:18:04+00:00","dateModified":"2024-04-02T22:02:45+00:00","description":"Somos una familia que se dedica a realizar actividades de turismo vivencial en Sibayo organizando bonitas experiencias de viaje.","breadcrumb":{"@id":"https:\/\/sibayosamanawasi.com\/nosotros\/#breadcrumb"},"inLanguage":"en-US","potentialAction":[{"@type":"ReadAction","target":["https:\/\/sibayosamanawasi.com\/nosotros\/"]}]},{"@type":"ImageObject","inLanguage":"en-US","@id":"https:\/\/sibayosamanawasi.com\/nosotros\/#primaryimage","url":"https:\/\/sibayosamanawasi.com\/wp-content\/uploads\/2024\/01\/logo-samana-wasi.jpg","contentUrl":"https:\/\/sibayosamanawasi.com\/wp-content\/uploads\/2024\/01\/logo-samana-wasi.jpg","width":1438,"height":923},{"@type":"BreadcrumbList","@id":"https:\/\/sibayosamanawasi.com\/nosotros\/#breadcrumb","itemListElement":[{"@type":"ListItem","position":1,"name":"Portada","item":"https:\/\/sibayosamanawasi.com\/"},{"@type":"ListItem","position":2,"name":"Nosotros"}]},{"@type":"WebSite","@id":"https:\/\/sibayosamanawasi.com\/#website","url":"https:\/\/sibayosamanawasi.com\/","name":"Sibayo Samana Wasi","description":"Turismo Vivencial en Colca","publisher":{"@id":"https:\/\/sibayosamanawasi.com\/#organization"},"potentialAction":[{"@type":"SearchAction","target":{"@type":"EntryPoint","urlTemplate":"https:\/\/sibayosamanawasi.com\/?s={search_term_string}"},"query-input":"required name=search_term_string"}],"inLanguage":"en-US"},{"@type":"Organization","@id":"https:\/\/sibayosamanawasi.com\/#organization","name":"Sibayo Samana Wasi","url":"https:\/\/sibayosamanawasi.com\/","logo":{"@type":"ImageObject","inLanguage":"en-US","@id":"https:\/\/sibayosamanawasi.com\/#\/schema\/logo\/image\/","url":"https:\/\/sibayosamanawasi.com\/wp-content\/uploads\/2024\/01\/logo-samana-was-pequeno.jpg","contentUrl":"https:\/\/sibayosamanawasi.com\/wp-content\/uploads\/2024\/01\/logo-samana-was-pequeno.jpg","width":869,"height":587,"caption":"Sibayo Samana Wasi"},"image":{"@id":"https:\/\/sibayosamanawasi.com\/#\/schema\/logo\/image\/"},"sameAs":["https:\/\/web.facebook.com\/samanawasisibayo","https:\/\/youtube.com\/@SIBAYOSAMANAWASI-fc5sx?si=uD1nqO-8JbkCMAFf"]}]}},"_links":{"self":[{"href":"https:\/\/sibayosamanawasi.com\/en\/wp-json\/wp\/v2\/pages\/199","targetHints":{"allow":["GET"]}}],"collection":[{"href":"https:\/\/sibayosamanawasi.com\/en\/wp-json\/wp\/v2\/pages"}],"about":[{"href":"https:\/\/sibayosamanawasi.com\/en\/wp-json\/wp\/v2\/types\/page"}],"author":[{"embeddable":true,"href":"https:\/\/sibayosamanawasi.com\/en\/wp-json\/wp\/v2\/users\/1"}],"replies":[{"embeddable":true,"href":"https:\/\/sibayosamanawasi.com\/en\/wp-json\/wp\/v2\/comments?post=199"}],"version-history":[{"count":175,"href":"https:\/\/sibayosamanawasi.com\/en\/wp-json\/wp\/v2\/pages\/199\/revisions"}],"predecessor-version":[{"id":1515,"href":"https:\/\/sibayosamanawasi.com\/en\/wp-json\/wp\/v2\/pages\/199\/revisions\/1515"}],"wp:featuredmedia":[{"embeddable":true,"href":"https:\/\/sibayosamanawasi.com\/en\/wp-json\/wp\/v2\/media\/108"}],"wp:attachment":[{"href":"https:\/\/sibayosamanawasi.com\/en\/wp-json\/wp\/v2\/media?parent=199"}],"curies":[{"name":"wp","href":"https:\/\/api.w.org\/{rel}","templated":true}]}}