{"id":33,"date":"2024-01-05T19:26:46","date_gmt":"2024-01-06T00:26:46","guid":{"rendered":"https:\/\/sibayosamanawasi.com\/?page_id=33"},"modified":"2024-03-07T19:28:42","modified_gmt":"2024-03-08T00:28:42","slug":"politica-de-privacidad","status":"publish","type":"page","link":"https:\/\/sibayosamanawasi.com\/en\/politica-de-privacidad\/","title":{"rendered":"Pol\u00edtica de privacidad"},"content":{"rendered":"<div data-elementor-type=\"wp-page\" data-elementor-id=\"33\" class=\"elementor elementor-33\">\n\t\t\t\t\t\t\t<div class=\"elementor-element elementor-element-1478f2c e-flex e-con-boxed e-con e-parent\" data-id=\"1478f2c\" data-element_type=\"container\" data-settings=\"{&quot;background_background&quot;:&quot;classic&quot;,&quot;content_width&quot;:&quot;boxed&quot;}\" data-core-v316-plus=\"true\">\n\t\t\t\t\t<div class=\"e-con-inner\">\n\t\t<div class=\"elementor-element elementor-element-6198b0c e-flex e-con-boxed e-con e-child\" data-id=\"6198b0c\" data-element_type=\"container\" data-settings=\"{&quot;content_width&quot;:&quot;boxed&quot;}\">\n\t\t\t\t\t<div class=\"e-con-inner\">\n\t\t\t\t<div class=\"elementor-element elementor-element-6057e42 elementor-widget__width-initial elementor-widget elementor-widget-heading\" data-id=\"6057e42\" data-element_type=\"widget\" data-widget_type=\"heading.default\">\n\t\t\t\t<div class=\"elementor-widget-container\">\n\t\t\t<style>\/*! elementor - v3.18.0 - 20-12-2023 *\/\n.elementor-heading-title{padding:0;margin:0;line-height:1}.elementor-widget-heading .elementor-heading-title[class*=elementor-size-]>a{color:inherit;font-size:inherit;line-height:inherit}.elementor-widget-heading .elementor-heading-title.elementor-size-small{font-size:15px}.elementor-widget-heading .elementor-heading-title.elementor-size-medium{font-size:19px}.elementor-widget-heading .elementor-heading-title.elementor-size-large{font-size:29px}.elementor-widget-heading .elementor-heading-title.elementor-size-xl{font-size:39px}.elementor-widget-heading .elementor-heading-title.elementor-size-xxl{font-size:59px}<\/style><h1 class=\"elementor-heading-title elementor-size-default\">Pol\u00edtica de Privacidad<\/h1>\t\t<\/div>\n\t\t\t\t<\/div>\n\t\t\t\t\t<\/div>\n\t\t\t\t<\/div>\n\t\t\t\t\t<\/div>\n\t\t\t\t<\/div>\n\t\t<div class=\"elementor-element elementor-element-5015e7a e-flex e-con-boxed e-con e-parent\" data-id=\"5015e7a\" data-element_type=\"container\" data-settings=\"{&quot;content_width&quot;:&quot;boxed&quot;}\" data-core-v316-plus=\"true\">\n\t\t\t\t\t<div class=\"e-con-inner\">\n\t\t<div class=\"elementor-element elementor-element-6b94a5b e-con-full e-flex e-con e-child\" data-id=\"6b94a5b\" data-element_type=\"container\" data-settings=\"{&quot;content_width&quot;:&quot;full&quot;}\">\n\t\t\t\t<div class=\"elementor-element elementor-element-f0d4619 elementor-widget elementor-widget-heading\" data-id=\"f0d4619\" data-element_type=\"widget\" data-widget_type=\"heading.default\">\n\t\t\t\t<div class=\"elementor-widget-container\">\n\t\t\t<p class=\"elementor-heading-title elementor-size-default\">En Samana Wasi Sibayo, la privacidad de nuestros visitantes es de suma importancia para nosotros. Este documento de pol\u00edtica de privacidad describe los tipos de informaci\u00f3n personal que Samana Wasi Sibayo recibe y recopila y c\u00f3mo se utiliza.<\/p>\t\t<\/div>\n\t\t\t\t<\/div>\n\t\t\t\t<div class=\"elementor-element elementor-element-d7568da elementor-widget elementor-widget-heading\" data-id=\"d7568da\" data-element_type=\"widget\" data-widget_type=\"heading.default\">\n\t\t\t\t<div class=\"elementor-widget-container\">\n\t\t\t<h2 class=\"elementor-heading-title elementor-size-default\">Archivos de registro<\/h2>\t\t<\/div>\n\t\t\t\t<\/div>\n\t\t\t\t<div class=\"elementor-element elementor-element-2d4f655 elementor-widget elementor-widget-heading\" data-id=\"2d4f655\" data-element_type=\"widget\" data-widget_type=\"heading.default\">\n\t\t\t\t<div class=\"elementor-widget-container\">\n\t\t\t<p class=\"elementor-heading-title elementor-size-default\">Como muchos otros sitios web, Samana Wasi Sibayo utiliza archivos de registro. La informaci\u00f3n dentro de los archivos de registro incluye direcciones de protocolo de Internet (IP), tipo de navegador, proveedor de servicios de Internet (ISP), marca de fecha\/hora, p\u00e1ginas de referencia\/salida y n\u00famero de clics para analizar tendencias, administrar el sitio y rastrear el movimiento del usuario. alrededor del sitio y recopilar informaci\u00f3n demogr\u00e1fica. Las direcciones IP y otra informaci\u00f3n similar no est\u00e1n vinculadas a ninguna informaci\u00f3n que sea de identificaci\u00f3n personal.<\/p>\t\t<\/div>\n\t\t\t\t<\/div>\n\t\t\t\t<div class=\"elementor-element elementor-element-79b0357 elementor-widget elementor-widget-heading\" data-id=\"79b0357\" data-element_type=\"widget\" data-widget_type=\"heading.default\">\n\t\t\t\t<div class=\"elementor-widget-container\">\n\t\t\t<h2 class=\"elementor-heading-title elementor-size-default\">Cookies y balizas web<\/h2>\t\t<\/div>\n\t\t\t\t<\/div>\n\t\t\t\t<div class=\"elementor-element elementor-element-4be9193 elementor-widget elementor-widget-heading\" data-id=\"4be9193\" data-element_type=\"widget\" data-widget_type=\"heading.default\">\n\t\t\t\t<div class=\"elementor-widget-container\">\n\t\t\t<p class=\"elementor-heading-title elementor-size-default\">Samana Wasi Sibayo utiliza cookies para almacenar informaci\u00f3n sobre las preferencias de los visitantes, registrar informaci\u00f3n espec\u00edfica del usuario en qu\u00e9 p\u00e1ginas accede o visita, personaliza el contenido de la p\u00e1gina web seg\u00fan el tipo de navegador de los visitantes u otra informaci\u00f3n que el visitante env\u00eda a trav\u00e9s de su navegador.<\/p>\t\t<\/div>\n\t\t\t\t<\/div>\n\t\t\t\t<div class=\"elementor-element elementor-element-98b35af elementor-widget elementor-widget-heading\" data-id=\"98b35af\" data-element_type=\"widget\" data-widget_type=\"heading.default\">\n\t\t\t\t<div class=\"elementor-widget-container\">\n\t\t\t<h2 class=\"elementor-heading-title elementor-size-default\">Cookie DART de doble clic<\/h2>\t\t<\/div>\n\t\t\t\t<\/div>\n\t\t\t\t<div class=\"elementor-element elementor-element-92d3dda elementor-widget elementor-widget-heading\" data-id=\"92d3dda\" data-element_type=\"widget\" data-widget_type=\"heading.default\">\n\t\t\t\t<div class=\"elementor-widget-container\">\n\t\t\t<p class=\"elementor-heading-title elementor-size-default\">Google, como proveedor externo, utiliza cookies para publicar anuncios en Samana Wasi Sibayo.\nEl uso que hace Google de la cookie DART le permite mostrar anuncios a los usuarios seg\u00fan su visita a Samana Wasi Sibayo y otros sitios en Internet.\n<br>\n<br>Los usuarios pueden optar por no utilizar la cookie de DART visitando la pol\u00edtica de privacidad de la red de contenido y publicidad de Google en la siguiente URL: <a href=\"https:\/\/www.google.com\/policies\/privacy\/\">https:\/\/www.google.com\/policies\/privacy\/<\/a>\n.\n<br>\n<br>Estos servidores de anuncios o redes publicitarias de terceros utilizan tecnolog\u00eda para que los anuncios y enlaces que aparecen en Samana Wasi Sibayo se env\u00eden directamente a sus navegadores. Reciben autom\u00e1ticamente su direcci\u00f3n IP cuando esto ocurre. Las redes publicitarias de terceros tambi\u00e9n pueden utilizar otras tecnolog\u00edas (como cookies, JavaScript o Web Beacons) para medir la eficacia de sus anuncios y\/o personalizar el contenido publicitario que usted ve.\n<br>\n<br>Samana Wasi Sibayo no tiene acceso ni control sobre estas cookies que utilizan los anunciantes externos.\n<br>\n<br>Debe consultar las pol\u00edticas de privacidad respectivas de estos servidores de anuncios de terceros para obtener informaci\u00f3n m\u00e1s detallada sobre sus pr\u00e1cticas, as\u00ed como para obtener instrucciones sobre c\u00f3mo excluirse de ciertas pr\u00e1cticas. La pol\u00edtica de privacidad de Samana Wasi Sibayo no se aplica a otros anunciantes o sitios web, y no podemos controlar las actividades de estos.\n<br>\n<br>Si desea desactivar las cookies, puede hacerlo a trav\u00e9s de las opciones individuales de su navegador. Puede encontrar informaci\u00f3n m\u00e1s detallada sobre la gesti\u00f3n de cookies con navegadores web espec\u00edficos en los sitios web respectivos del navegador.\n<\/p>\t\t<\/div>\n\t\t\t\t<\/div>\n\t\t\t\t<\/div>\n\t\t\t\t\t<\/div>\n\t\t\t\t<\/div>\n\t\t\t\t\t\t\t<\/div>","protected":false},"excerpt":{"rendered":"<p>Pol\u00edtica de Privacidad En Samana Wasi Sibayo, la privacidad de nuestros visitantes es de suma importancia para nosotros. Este documento [&hellip;]<\/p>","protected":false},"author":1,"featured_media":108,"parent":0,"menu_order":0,"comment_status":"closed","ping_status":"closed","template":"elementor_header_footer","meta":{"site-sidebar-layout":"no-sidebar","site-content-layout":"","ast-site-content-layout":"full-width-container","site-content-style":"default","site-sidebar-style":"default","ast-global-header-display":"","ast-banner-title-visibility":"","ast-main-header-display":"","ast-hfb-above-header-display":"","ast-hfb-below-header-display":"","ast-hfb-mobile-header-display":"","site-post-title":"disabled","ast-breadcrumbs-content":"","ast-featured-img":"disabled","footer-sml-layout":"","theme-transparent-header-meta":"","adv-header-id-meta":"","stick-header-meta":"","header-above-stick-meta":"","header-main-stick-meta":"","header-below-stick-meta":"","astra-migrate-meta-layouts":"default","ast-page-background-enabled":"default","ast-page-background-meta":{"desktop":{"background-color":"var(--ast-global-color-4)","background-image":"","background-repeat":"repeat","background-position":"center center","background-size":"auto","background-attachment":"scroll","background-type":"","background-media":"","overlay-type":"","overlay-color":"","overlay-gradient":""},"tablet":{"background-color":"","background-image":"","background-repeat":"repeat","background-position":"center center","background-size":"auto","background-attachment":"scroll","background-type":"","background-media":"","overlay-type":"","overlay-color":"","overlay-gradient":""},"mobile":{"background-color":"","background-image":"","background-repeat":"repeat","background-position":"center center","background-size":"auto","background-attachment":"scroll","background-type":"","background-media":"","overlay-type":"","overlay-color":"","overlay-gradient":""}},"ast-content-background-meta":{"desktop":{"background-color":"var(--ast-global-color-5)","background-image":"","background-repeat":"repeat","background-position":"center center","background-size":"auto","background-attachment":"scroll","background-type":"","background-media":"","overlay-type":"","overlay-color":"","overlay-gradient":""},"tablet":{"background-color":"var(--ast-global-color-5)","background-image":"","background-repeat":"repeat","background-position":"center center","background-size":"auto","background-attachment":"scroll","background-type":"","background-media":"","overlay-type":"","overlay-color":"","overlay-gradient":""},"mobile":{"background-color":"var(--ast-global-color-5)","background-image":"","background-repeat":"repeat","background-position":"center center","background-size":"auto","background-attachment":"scroll","background-type":"","background-media":"","overlay-type":"","overlay-color":"","overlay-gradient":""}},"two_page_speed":[],"footnotes":""},"class_list":["post-33","page","type-page","status-publish","has-post-thumbnail","hentry"],"yoast_head":"<!-- This site is optimized with the Yoast SEO plugin v22.3 - https:\/\/yoast.com\/wordpress\/plugins\/seo\/ -->\n<title>Pol\u00edtica de privacidad | Sibayo Samana Wasi<\/title>\n<meta name=\"robots\" content=\"index, follow, max-snippet:-1, max-image-preview:large, max-video-preview:-1\" \/>\n<link rel=\"canonical\" href=\"https:\/\/sibayosamanawasi.com\/en\/politica-de-privacidad\/\" \/>\n<meta property=\"og:locale\" content=\"en_US\" \/>\n<meta property=\"og:type\" content=\"article\" \/>\n<meta property=\"og:title\" content=\"Pol\u00edtica de privacidad | Sibayo Samana Wasi\" \/>\n<meta property=\"og:description\" content=\"Pol\u00edtica de Privacidad En Samana Wasi Sibayo, la privacidad de nuestros visitantes es de suma importancia para nosotros. Este documento [&hellip;]\" \/>\n<meta property=\"og:url\" content=\"https:\/\/sibayosamanawasi.com\/en\/politica-de-privacidad\/\" \/>\n<meta property=\"og:site_name\" content=\"Sibayo Samana Wasi\" \/>\n<meta property=\"article:publisher\" content=\"https:\/\/web.facebook.com\/samanawasisibayo\" \/>\n<meta property=\"article:modified_time\" content=\"2024-03-08T00:28:42+00:00\" \/>\n<meta property=\"og:image\" content=\"https:\/\/sibayosamanawasi.com\/wp-content\/uploads\/2024\/01\/logo-samana-wasi.jpg\" \/>\n\t<meta property=\"og:image:width\" content=\"1438\" \/>\n\t<meta property=\"og:image:height\" content=\"923\" \/>\n\t<meta property=\"og:image:type\" content=\"image\/jpeg\" \/>\n<meta name=\"twitter:card\" content=\"summary_large_image\" \/>\n<meta name=\"twitter:label1\" content=\"Est. reading time\" \/>\n\t<meta name=\"twitter:data1\" content=\"2 minutes\" \/>\n<script type=\"application\/ld+json\" class=\"yoast-schema-graph\">{\"@context\":\"https:\/\/schema.org\",\"@graph\":[{\"@type\":\"WebPage\",\"@id\":\"https:\/\/sibayosamanawasi.com\/politica-de-privacidad\/\",\"url\":\"https:\/\/sibayosamanawasi.com\/politica-de-privacidad\/\",\"name\":\"Pol\u00edtica de privacidad | Sibayo Samana Wasi\",\"isPartOf\":{\"@id\":\"https:\/\/sibayosamanawasi.com\/#website\"},\"primaryImageOfPage\":{\"@id\":\"https:\/\/sibayosamanawasi.com\/politica-de-privacidad\/#primaryimage\"},\"image\":{\"@id\":\"https:\/\/sibayosamanawasi.com\/politica-de-privacidad\/#primaryimage\"},\"thumbnailUrl\":\"https:\/\/sibayosamanawasi.com\/wp-content\/uploads\/2024\/01\/logo-samana-wasi.jpg\",\"datePublished\":\"2024-01-06T00:26:46+00:00\",\"dateModified\":\"2024-03-08T00:28:42+00:00\",\"breadcrumb\":{\"@id\":\"https:\/\/sibayosamanawasi.com\/politica-de-privacidad\/#breadcrumb\"},\"inLanguage\":\"en-US\",\"potentialAction\":[{\"@type\":\"ReadAction\",\"target\":[\"https:\/\/sibayosamanawasi.com\/politica-de-privacidad\/\"]}]},{\"@type\":\"ImageObject\",\"inLanguage\":\"en-US\",\"@id\":\"https:\/\/sibayosamanawasi.com\/politica-de-privacidad\/#primaryimage\",\"url\":\"https:\/\/sibayosamanawasi.com\/wp-content\/uploads\/2024\/01\/logo-samana-wasi.jpg\",\"contentUrl\":\"https:\/\/sibayosamanawasi.com\/wp-content\/uploads\/2024\/01\/logo-samana-wasi.jpg\",\"width\":1438,\"height\":923},{\"@type\":\"BreadcrumbList\",\"@id\":\"https:\/\/sibayosamanawasi.com\/politica-de-privacidad\/#breadcrumb\",\"itemListElement\":[{\"@type\":\"ListItem\",\"position\":1,\"name\":\"Portada\",\"item\":\"https:\/\/sibayosamanawasi.com\/\"},{\"@type\":\"ListItem\",\"position\":2,\"name\":\"Pol\u00edtica de privacidad\"}]},{\"@type\":\"WebSite\",\"@id\":\"https:\/\/sibayosamanawasi.com\/#website\",\"url\":\"https:\/\/sibayosamanawasi.com\/\",\"name\":\"Sibayo Samana Wasi\",\"description\":\"Turismo Vivencial en Colca\",\"publisher\":{\"@id\":\"https:\/\/sibayosamanawasi.com\/#organization\"},\"potentialAction\":[{\"@type\":\"SearchAction\",\"target\":{\"@type\":\"EntryPoint\",\"urlTemplate\":\"https:\/\/sibayosamanawasi.com\/?s={search_term_string}\"},\"query-input\":\"required name=search_term_string\"}],\"inLanguage\":\"en-US\"},{\"@type\":\"Organization\",\"@id\":\"https:\/\/sibayosamanawasi.com\/#organization\",\"name\":\"Sibayo Samana Wasi\",\"url\":\"https:\/\/sibayosamanawasi.com\/\",\"logo\":{\"@type\":\"ImageObject\",\"inLanguage\":\"en-US\",\"@id\":\"https:\/\/sibayosamanawasi.com\/#\/schema\/logo\/image\/\",\"url\":\"https:\/\/sibayosamanawasi.com\/wp-content\/uploads\/2024\/01\/logo-samana-was-pequeno.jpg\",\"contentUrl\":\"https:\/\/sibayosamanawasi.com\/wp-content\/uploads\/2024\/01\/logo-samana-was-pequeno.jpg\",\"width\":869,\"height\":587,\"caption\":\"Sibayo Samana Wasi\"},\"image\":{\"@id\":\"https:\/\/sibayosamanawasi.com\/#\/schema\/logo\/image\/\"},\"sameAs\":[\"https:\/\/web.facebook.com\/samanawasisibayo\",\"https:\/\/youtube.com\/@SIBAYOSAMANAWASI-fc5sx?si=uD1nqO-8JbkCMAFf\"]}]}<\/script>\n<!-- \/ Yoast SEO plugin. -->","yoast_head_json":{"title":"Pol\u00edtica de privacidad | Sibayo Samana Wasi","robots":{"index":"index","follow":"follow","max-snippet":"max-snippet:-1","max-image-preview":"max-image-preview:large","max-video-preview":"max-video-preview:-1"},"canonical":"https:\/\/sibayosamanawasi.com\/en\/politica-de-privacidad\/","og_locale":"en_US","og_type":"article","og_title":"Pol\u00edtica de privacidad | Sibayo Samana Wasi","og_description":"Pol\u00edtica de Privacidad En Samana Wasi Sibayo, la privacidad de nuestros visitantes es de suma importancia para nosotros. Este documento [&hellip;]","og_url":"https:\/\/sibayosamanawasi.com\/en\/politica-de-privacidad\/","og_site_name":"Sibayo Samana Wasi","article_publisher":"https:\/\/web.facebook.com\/samanawasisibayo","article_modified_time":"2024-03-08T00:28:42+00:00","og_image":[{"width":1438,"height":923,"url":"https:\/\/sibayosamanawasi.com\/wp-content\/uploads\/2024\/01\/logo-samana-wasi.jpg","type":"image\/jpeg"}],"twitter_card":"summary_large_image","twitter_misc":{"Est. reading time":"2 minutes"},"schema":{"@context":"https:\/\/schema.org","@graph":[{"@type":"WebPage","@id":"https:\/\/sibayosamanawasi.com\/politica-de-privacidad\/","url":"https:\/\/sibayosamanawasi.com\/politica-de-privacidad\/","name":"Pol\u00edtica de privacidad | Sibayo Samana Wasi","isPartOf":{"@id":"https:\/\/sibayosamanawasi.com\/#website"},"primaryImageOfPage":{"@id":"https:\/\/sibayosamanawasi.com\/politica-de-privacidad\/#primaryimage"},"image":{"@id":"https:\/\/sibayosamanawasi.com\/politica-de-privacidad\/#primaryimage"},"thumbnailUrl":"https:\/\/sibayosamanawasi.com\/wp-content\/uploads\/2024\/01\/logo-samana-wasi.jpg","datePublished":"2024-01-06T00:26:46+00:00","dateModified":"2024-03-08T00:28:42+00:00","breadcrumb":{"@id":"https:\/\/sibayosamanawasi.com\/politica-de-privacidad\/#breadcrumb"},"inLanguage":"en-US","potentialAction":[{"@type":"ReadAction","target":["https:\/\/sibayosamanawasi.com\/politica-de-privacidad\/"]}]},{"@type":"ImageObject","inLanguage":"en-US","@id":"https:\/\/sibayosamanawasi.com\/politica-de-privacidad\/#primaryimage","url":"https:\/\/sibayosamanawasi.com\/wp-content\/uploads\/2024\/01\/logo-samana-wasi.jpg","contentUrl":"https:\/\/sibayosamanawasi.com\/wp-content\/uploads\/2024\/01\/logo-samana-wasi.jpg","width":1438,"height":923},{"@type":"BreadcrumbList","@id":"https:\/\/sibayosamanawasi.com\/politica-de-privacidad\/#breadcrumb","itemListElement":[{"@type":"ListItem","position":1,"name":"Portada","item":"https:\/\/sibayosamanawasi.com\/"},{"@type":"ListItem","position":2,"name":"Pol\u00edtica de privacidad"}]},{"@type":"WebSite","@id":"https:\/\/sibayosamanawasi.com\/#website","url":"https:\/\/sibayosamanawasi.com\/","name":"Sibayo Samana Wasi","description":"Turismo Vivencial en Colca","publisher":{"@id":"https:\/\/sibayosamanawasi.com\/#organization"},"potentialAction":[{"@type":"SearchAction","target":{"@type":"EntryPoint","urlTemplate":"https:\/\/sibayosamanawasi.com\/?s={search_term_string}"},"query-input":"required name=search_term_string"}],"inLanguage":"en-US"},{"@type":"Organization","@id":"https:\/\/sibayosamanawasi.com\/#organization","name":"Sibayo Samana Wasi","url":"https:\/\/sibayosamanawasi.com\/","logo":{"@type":"ImageObject","inLanguage":"en-US","@id":"https:\/\/sibayosamanawasi.com\/#\/schema\/logo\/image\/","url":"https:\/\/sibayosamanawasi.com\/wp-content\/uploads\/2024\/01\/logo-samana-was-pequeno.jpg","contentUrl":"https:\/\/sibayosamanawasi.com\/wp-content\/uploads\/2024\/01\/logo-samana-was-pequeno.jpg","width":869,"height":587,"caption":"Sibayo Samana Wasi"},"image":{"@id":"https:\/\/sibayosamanawasi.com\/#\/schema\/logo\/image\/"},"sameAs":["https:\/\/web.facebook.com\/samanawasisibayo","https:\/\/youtube.com\/@SIBAYOSAMANAWASI-fc5sx?si=uD1nqO-8JbkCMAFf"]}]}},"_links":{"self":[{"href":"https:\/\/sibayosamanawasi.com\/en\/wp-json\/wp\/v2\/pages\/33","targetHints":{"allow":["GET"]}}],"collection":[{"href":"https:\/\/sibayosamanawasi.com\/en\/wp-json\/wp\/v2\/pages"}],"about":[{"href":"https:\/\/sibayosamanawasi.com\/en\/wp-json\/wp\/v2\/types\/page"}],"author":[{"embeddable":true,"href":"https:\/\/sibayosamanawasi.com\/en\/wp-json\/wp\/v2\/users\/1"}],"replies":[{"embeddable":true,"href":"https:\/\/sibayosamanawasi.com\/en\/wp-json\/wp\/v2\/comments?post=33"}],"version-history":[{"count":27,"href":"https:\/\/sibayosamanawasi.com\/en\/wp-json\/wp\/v2\/pages\/33\/revisions"}],"predecessor-version":[{"id":1378,"href":"https:\/\/sibayosamanawasi.com\/en\/wp-json\/wp\/v2\/pages\/33\/revisions\/1378"}],"wp:featuredmedia":[{"embeddable":true,"href":"https:\/\/sibayosamanawasi.com\/en\/wp-json\/wp\/v2\/media\/108"}],"wp:attachment":[{"href":"https:\/\/sibayosamanawasi.com\/en\/wp-json\/wp\/v2\/media?parent=33"}],"curies":[{"name":"wp","href":"https:\/\/api.w.org\/{rel}","templated":true}]}}