{"id":35,"date":"2024-01-05T19:27:37","date_gmt":"2024-01-06T00:27:37","guid":{"rendered":"https:\/\/sibayosamanawasi.com\/?page_id=35"},"modified":"2024-03-07T19:28:31","modified_gmt":"2024-03-08T00:28:31","slug":"copyright","status":"publish","type":"page","link":"https:\/\/sibayosamanawasi.com\/en\/copyright\/","title":{"rendered":"Copyright"},"content":{"rendered":"<div data-elementor-type=\"wp-page\" data-elementor-id=\"35\" class=\"elementor elementor-35\">\n\t\t\t\t\t\t\t<div class=\"elementor-element elementor-element-544c150 e-flex e-con-boxed e-con e-parent\" data-id=\"544c150\" data-element_type=\"container\" data-settings=\"{&quot;background_background&quot;:&quot;classic&quot;,&quot;content_width&quot;:&quot;boxed&quot;}\" data-core-v316-plus=\"true\">\n\t\t\t\t\t<div class=\"e-con-inner\">\n\t\t<div class=\"elementor-element elementor-element-7271395 e-flex e-con-boxed e-con e-child\" data-id=\"7271395\" data-element_type=\"container\" data-settings=\"{&quot;content_width&quot;:&quot;boxed&quot;}\">\n\t\t\t\t\t<div class=\"e-con-inner\">\n\t\t\t\t<div class=\"elementor-element elementor-element-e907099 elementor-widget__width-initial elementor-widget elementor-widget-heading\" data-id=\"e907099\" data-element_type=\"widget\" data-widget_type=\"heading.default\">\n\t\t\t\t<div class=\"elementor-widget-container\">\n\t\t\t<style>\/*! elementor - v3.18.0 - 20-12-2023 *\/\n.elementor-heading-title{padding:0;margin:0;line-height:1}.elementor-widget-heading .elementor-heading-title[class*=elementor-size-]>a{color:inherit;font-size:inherit;line-height:inherit}.elementor-widget-heading .elementor-heading-title.elementor-size-small{font-size:15px}.elementor-widget-heading .elementor-heading-title.elementor-size-medium{font-size:19px}.elementor-widget-heading .elementor-heading-title.elementor-size-large{font-size:29px}.elementor-widget-heading .elementor-heading-title.elementor-size-xl{font-size:39px}.elementor-widget-heading .elementor-heading-title.elementor-size-xxl{font-size:59px}<\/style><h1 class=\"elementor-heading-title elementor-size-default\">Copyright<\/h1>\t\t<\/div>\n\t\t\t\t<\/div>\n\t\t\t\t\t<\/div>\n\t\t\t\t<\/div>\n\t\t\t\t\t<\/div>\n\t\t\t\t<\/div>\n\t\t<div class=\"elementor-element elementor-element-2fde49a e-flex e-con-boxed e-con e-parent\" data-id=\"2fde49a\" data-element_type=\"container\" data-settings=\"{&quot;content_width&quot;:&quot;boxed&quot;}\" data-core-v316-plus=\"true\">\n\t\t\t\t\t<div class=\"e-con-inner\">\n\t\t<div class=\"elementor-element elementor-element-9cb0ee8 e-con-full e-flex e-con e-child\" data-id=\"9cb0ee8\" data-element_type=\"container\" data-settings=\"{&quot;content_width&quot;:&quot;full&quot;}\">\n\t\t\t\t<div class=\"elementor-element elementor-element-5586ecd elementor-widget elementor-widget-heading\" data-id=\"5586ecd\" data-element_type=\"widget\" data-widget_type=\"heading.default\">\n\t\t\t\t<div class=\"elementor-widget-container\">\n\t\t\t<p class=\"elementor-heading-title elementor-size-default\">Este sitio web y su contenido tienen derechos de autor de Samana Wasi SIbayo \u2013 \u00a9 Samana Wasi SIbayo 2024. \n<br>\n<br>Todos los derechos reservados.\nSe proh\u00edbe cualquier redistribuci\u00f3n o reproducci\u00f3n de parte o la totalidad del contenido en cualquier forma que no sea la siguiente:\n<br>\n<br>Puede imprimir o descargar extractos en un disco duro local \u00fanicamente para su uso personal y no comercial.\n\n<br>Puede copiar el contenido a terceros individuales para su uso personal, pero solo si reconoce el sitio web como la fuente del material.\n<br>\n<br>No puede, excepto con nuestro permiso expreso por escrito, distribuir o explotar comercialmente el contenido. Tampoco podr\u00e1 transmitirlo ni almacenarlo en ning\u00fan otro sitio web u otra forma de sistema de recuperaci\u00f3n electr\u00f3nica.\n<\/p>\t\t<\/div>\n\t\t\t\t<\/div>\n\t\t\t\t<\/div>\n\t\t\t\t\t<\/div>\n\t\t\t\t<\/div>\n\t\t\t\t\t\t\t<\/div>","protected":false},"excerpt":{"rendered":"<p>Copyright Este sitio web y su contenido tienen derechos de autor de Samana Wasi SIbayo \u2013 \u00a9 Samana Wasi SIbayo [&hellip;]<\/p>","protected":false},"author":1,"featured_media":108,"parent":0,"menu_order":0,"comment_status":"closed","ping_status":"closed","template":"elementor_header_footer","meta":{"site-sidebar-layout":"default","site-content-layout":"","ast-site-content-layout":"","site-content-style":"default","site-sidebar-style":"default","ast-global-header-display":"","ast-banner-title-visibility":"","ast-main-header-display":"","ast-hfb-above-header-display":"","ast-hfb-below-header-display":"","ast-hfb-mobile-header-display":"","site-post-title":"","ast-breadcrumbs-content":"","ast-featured-img":"","footer-sml-layout":"","theme-transparent-header-meta":"","adv-header-id-meta":"","stick-header-meta":"","header-above-stick-meta":"","header-main-stick-meta":"","header-below-stick-meta":"","astra-migrate-meta-layouts":"default","ast-page-background-enabled":"default","ast-page-background-meta":{"desktop":{"background-color":"var(--ast-global-color-4)","background-image":"","background-repeat":"repeat","background-position":"center center","background-size":"auto","background-attachment":"scroll","background-type":"","background-media":"","overlay-type":"","overlay-color":"","overlay-gradient":""},"tablet":{"background-color":"","background-image":"","background-repeat":"repeat","background-position":"center center","background-size":"auto","background-attachment":"scroll","background-type":"","background-media":"","overlay-type":"","overlay-color":"","overlay-gradient":""},"mobile":{"background-color":"","background-image":"","background-repeat":"repeat","background-position":"center center","background-size":"auto","background-attachment":"scroll","background-type":"","background-media":"","overlay-type":"","overlay-color":"","overlay-gradient":""}},"ast-content-background-meta":{"desktop":{"background-color":"var(--ast-global-color-5)","background-image":"","background-repeat":"repeat","background-position":"center center","background-size":"auto","background-attachment":"scroll","background-type":"","background-media":"","overlay-type":"","overlay-color":"","overlay-gradient":""},"tablet":{"background-color":"var(--ast-global-color-5)","background-image":"","background-repeat":"repeat","background-position":"center center","background-size":"auto","background-attachment":"scroll","background-type":"","background-media":"","overlay-type":"","overlay-color":"","overlay-gradient":""},"mobile":{"background-color":"var(--ast-global-color-5)","background-image":"","background-repeat":"repeat","background-position":"center center","background-size":"auto","background-attachment":"scroll","background-type":"","background-media":"","overlay-type":"","overlay-color":"","overlay-gradient":""}},"two_page_speed":[],"footnotes":""},"class_list":["post-35","page","type-page","status-publish","has-post-thumbnail","hentry"],"yoast_head":"<!-- This site is optimized with the Yoast SEO plugin v22.3 - https:\/\/yoast.com\/wordpress\/plugins\/seo\/ -->\n<title>Copyright | Sibayo Samana Wasi<\/title>\n<meta name=\"robots\" content=\"index, follow, max-snippet:-1, max-image-preview:large, max-video-preview:-1\" \/>\n<link rel=\"canonical\" href=\"https:\/\/sibayosamanawasi.com\/en\/copyright\/\" \/>\n<meta property=\"og:locale\" content=\"en_US\" \/>\n<meta property=\"og:type\" content=\"article\" \/>\n<meta property=\"og:title\" content=\"Copyright | Sibayo Samana Wasi\" \/>\n<meta property=\"og:description\" content=\"Copyright Este sitio web y su contenido tienen derechos de autor de Samana Wasi SIbayo \u2013 \u00a9 Samana Wasi SIbayo [&hellip;]\" \/>\n<meta property=\"og:url\" content=\"https:\/\/sibayosamanawasi.com\/en\/copyright\/\" \/>\n<meta property=\"og:site_name\" content=\"Sibayo Samana Wasi\" \/>\n<meta property=\"article:publisher\" content=\"https:\/\/web.facebook.com\/samanawasisibayo\" \/>\n<meta property=\"article:modified_time\" content=\"2024-03-08T00:28:31+00:00\" \/>\n<meta property=\"og:image\" content=\"https:\/\/sibayosamanawasi.com\/wp-content\/uploads\/2024\/01\/logo-samana-wasi.jpg\" \/>\n\t<meta property=\"og:image:width\" content=\"1438\" \/>\n\t<meta property=\"og:image:height\" content=\"923\" \/>\n\t<meta property=\"og:image:type\" content=\"image\/jpeg\" \/>\n<meta name=\"twitter:card\" content=\"summary_large_image\" \/>\n<meta name=\"twitter:label1\" content=\"Est. reading time\" \/>\n\t<meta name=\"twitter:data1\" content=\"1 minute\" \/>\n<script type=\"application\/ld+json\" class=\"yoast-schema-graph\">{\"@context\":\"https:\/\/schema.org\",\"@graph\":[{\"@type\":\"WebPage\",\"@id\":\"https:\/\/sibayosamanawasi.com\/copyright\/\",\"url\":\"https:\/\/sibayosamanawasi.com\/copyright\/\",\"name\":\"Copyright | Sibayo Samana Wasi\",\"isPartOf\":{\"@id\":\"https:\/\/sibayosamanawasi.com\/#website\"},\"primaryImageOfPage\":{\"@id\":\"https:\/\/sibayosamanawasi.com\/copyright\/#primaryimage\"},\"image\":{\"@id\":\"https:\/\/sibayosamanawasi.com\/copyright\/#primaryimage\"},\"thumbnailUrl\":\"https:\/\/sibayosamanawasi.com\/wp-content\/uploads\/2024\/01\/logo-samana-wasi.jpg\",\"datePublished\":\"2024-01-06T00:27:37+00:00\",\"dateModified\":\"2024-03-08T00:28:31+00:00\",\"breadcrumb\":{\"@id\":\"https:\/\/sibayosamanawasi.com\/copyright\/#breadcrumb\"},\"inLanguage\":\"en-US\",\"potentialAction\":[{\"@type\":\"ReadAction\",\"target\":[\"https:\/\/sibayosamanawasi.com\/copyright\/\"]}]},{\"@type\":\"ImageObject\",\"inLanguage\":\"en-US\",\"@id\":\"https:\/\/sibayosamanawasi.com\/copyright\/#primaryimage\",\"url\":\"https:\/\/sibayosamanawasi.com\/wp-content\/uploads\/2024\/01\/logo-samana-wasi.jpg\",\"contentUrl\":\"https:\/\/sibayosamanawasi.com\/wp-content\/uploads\/2024\/01\/logo-samana-wasi.jpg\",\"width\":1438,\"height\":923},{\"@type\":\"BreadcrumbList\",\"@id\":\"https:\/\/sibayosamanawasi.com\/copyright\/#breadcrumb\",\"itemListElement\":[{\"@type\":\"ListItem\",\"position\":1,\"name\":\"Portada\",\"item\":\"https:\/\/sibayosamanawasi.com\/\"},{\"@type\":\"ListItem\",\"position\":2,\"name\":\"Copyright\"}]},{\"@type\":\"WebSite\",\"@id\":\"https:\/\/sibayosamanawasi.com\/#website\",\"url\":\"https:\/\/sibayosamanawasi.com\/\",\"name\":\"Sibayo Samana Wasi\",\"description\":\"Turismo Vivencial en Colca\",\"publisher\":{\"@id\":\"https:\/\/sibayosamanawasi.com\/#organization\"},\"potentialAction\":[{\"@type\":\"SearchAction\",\"target\":{\"@type\":\"EntryPoint\",\"urlTemplate\":\"https:\/\/sibayosamanawasi.com\/?s={search_term_string}\"},\"query-input\":\"required name=search_term_string\"}],\"inLanguage\":\"en-US\"},{\"@type\":\"Organization\",\"@id\":\"https:\/\/sibayosamanawasi.com\/#organization\",\"name\":\"Sibayo Samana Wasi\",\"url\":\"https:\/\/sibayosamanawasi.com\/\",\"logo\":{\"@type\":\"ImageObject\",\"inLanguage\":\"en-US\",\"@id\":\"https:\/\/sibayosamanawasi.com\/#\/schema\/logo\/image\/\",\"url\":\"https:\/\/sibayosamanawasi.com\/wp-content\/uploads\/2024\/01\/logo-samana-was-pequeno.jpg\",\"contentUrl\":\"https:\/\/sibayosamanawasi.com\/wp-content\/uploads\/2024\/01\/logo-samana-was-pequeno.jpg\",\"width\":869,\"height\":587,\"caption\":\"Sibayo Samana Wasi\"},\"image\":{\"@id\":\"https:\/\/sibayosamanawasi.com\/#\/schema\/logo\/image\/\"},\"sameAs\":[\"https:\/\/web.facebook.com\/samanawasisibayo\",\"https:\/\/youtube.com\/@SIBAYOSAMANAWASI-fc5sx?si=uD1nqO-8JbkCMAFf\"]}]}<\/script>\n<!-- \/ Yoast SEO plugin. -->","yoast_head_json":{"title":"Copyright | Sibayo Samana Wasi","robots":{"index":"index","follow":"follow","max-snippet":"max-snippet:-1","max-image-preview":"max-image-preview:large","max-video-preview":"max-video-preview:-1"},"canonical":"https:\/\/sibayosamanawasi.com\/en\/copyright\/","og_locale":"en_US","og_type":"article","og_title":"Copyright | Sibayo Samana Wasi","og_description":"Copyright Este sitio web y su contenido tienen derechos de autor de Samana Wasi SIbayo \u2013 \u00a9 Samana Wasi SIbayo [&hellip;]","og_url":"https:\/\/sibayosamanawasi.com\/en\/copyright\/","og_site_name":"Sibayo Samana Wasi","article_publisher":"https:\/\/web.facebook.com\/samanawasisibayo","article_modified_time":"2024-03-08T00:28:31+00:00","og_image":[{"width":1438,"height":923,"url":"https:\/\/sibayosamanawasi.com\/wp-content\/uploads\/2024\/01\/logo-samana-wasi.jpg","type":"image\/jpeg"}],"twitter_card":"summary_large_image","twitter_misc":{"Est. reading time":"1 minute"},"schema":{"@context":"https:\/\/schema.org","@graph":[{"@type":"WebPage","@id":"https:\/\/sibayosamanawasi.com\/copyright\/","url":"https:\/\/sibayosamanawasi.com\/copyright\/","name":"Copyright | Sibayo Samana Wasi","isPartOf":{"@id":"https:\/\/sibayosamanawasi.com\/#website"},"primaryImageOfPage":{"@id":"https:\/\/sibayosamanawasi.com\/copyright\/#primaryimage"},"image":{"@id":"https:\/\/sibayosamanawasi.com\/copyright\/#primaryimage"},"thumbnailUrl":"https:\/\/sibayosamanawasi.com\/wp-content\/uploads\/2024\/01\/logo-samana-wasi.jpg","datePublished":"2024-01-06T00:27:37+00:00","dateModified":"2024-03-08T00:28:31+00:00","breadcrumb":{"@id":"https:\/\/sibayosamanawasi.com\/copyright\/#breadcrumb"},"inLanguage":"en-US","potentialAction":[{"@type":"ReadAction","target":["https:\/\/sibayosamanawasi.com\/copyright\/"]}]},{"@type":"ImageObject","inLanguage":"en-US","@id":"https:\/\/sibayosamanawasi.com\/copyright\/#primaryimage","url":"https:\/\/sibayosamanawasi.com\/wp-content\/uploads\/2024\/01\/logo-samana-wasi.jpg","contentUrl":"https:\/\/sibayosamanawasi.com\/wp-content\/uploads\/2024\/01\/logo-samana-wasi.jpg","width":1438,"height":923},{"@type":"BreadcrumbList","@id":"https:\/\/sibayosamanawasi.com\/copyright\/#breadcrumb","itemListElement":[{"@type":"ListItem","position":1,"name":"Portada","item":"https:\/\/sibayosamanawasi.com\/"},{"@type":"ListItem","position":2,"name":"Copyright"}]},{"@type":"WebSite","@id":"https:\/\/sibayosamanawasi.com\/#website","url":"https:\/\/sibayosamanawasi.com\/","name":"Sibayo Samana Wasi","description":"Turismo Vivencial en Colca","publisher":{"@id":"https:\/\/sibayosamanawasi.com\/#organization"},"potentialAction":[{"@type":"SearchAction","target":{"@type":"EntryPoint","urlTemplate":"https:\/\/sibayosamanawasi.com\/?s={search_term_string}"},"query-input":"required name=search_term_string"}],"inLanguage":"en-US"},{"@type":"Organization","@id":"https:\/\/sibayosamanawasi.com\/#organization","name":"Sibayo Samana Wasi","url":"https:\/\/sibayosamanawasi.com\/","logo":{"@type":"ImageObject","inLanguage":"en-US","@id":"https:\/\/sibayosamanawasi.com\/#\/schema\/logo\/image\/","url":"https:\/\/sibayosamanawasi.com\/wp-content\/uploads\/2024\/01\/logo-samana-was-pequeno.jpg","contentUrl":"https:\/\/sibayosamanawasi.com\/wp-content\/uploads\/2024\/01\/logo-samana-was-pequeno.jpg","width":869,"height":587,"caption":"Sibayo Samana Wasi"},"image":{"@id":"https:\/\/sibayosamanawasi.com\/#\/schema\/logo\/image\/"},"sameAs":["https:\/\/web.facebook.com\/samanawasisibayo","https:\/\/youtube.com\/@SIBAYOSAMANAWASI-fc5sx?si=uD1nqO-8JbkCMAFf"]}]}},"_links":{"self":[{"href":"https:\/\/sibayosamanawasi.com\/en\/wp-json\/wp\/v2\/pages\/35","targetHints":{"allow":["GET"]}}],"collection":[{"href":"https:\/\/sibayosamanawasi.com\/en\/wp-json\/wp\/v2\/pages"}],"about":[{"href":"https:\/\/sibayosamanawasi.com\/en\/wp-json\/wp\/v2\/types\/page"}],"author":[{"embeddable":true,"href":"https:\/\/sibayosamanawasi.com\/en\/wp-json\/wp\/v2\/users\/1"}],"replies":[{"embeddable":true,"href":"https:\/\/sibayosamanawasi.com\/en\/wp-json\/wp\/v2\/comments?post=35"}],"version-history":[{"count":18,"href":"https:\/\/sibayosamanawasi.com\/en\/wp-json\/wp\/v2\/pages\/35\/revisions"}],"predecessor-version":[{"id":1375,"href":"https:\/\/sibayosamanawasi.com\/en\/wp-json\/wp\/v2\/pages\/35\/revisions\/1375"}],"wp:featuredmedia":[{"embeddable":true,"href":"https:\/\/sibayosamanawasi.com\/en\/wp-json\/wp\/v2\/media\/108"}],"wp:attachment":[{"href":"https:\/\/sibayosamanawasi.com\/en\/wp-json\/wp\/v2\/media?parent=35"}],"curies":[{"name":"wp","href":"https:\/\/api.w.org\/{rel}","templated":true}]}}