{"id":37,"date":"2024-01-05T19:28:12","date_gmt":"2024-01-06T00:28:12","guid":{"rendered":"https:\/\/sibayosamanawasi.com\/?page_id=37"},"modified":"2024-03-07T19:22:46","modified_gmt":"2024-03-08T00:22:46","slug":"descargos-de-responsabilidad","status":"publish","type":"page","link":"https:\/\/sibayosamanawasi.com\/en\/descargos-de-responsabilidad\/","title":{"rendered":"Descargos de responsabilidad"},"content":{"rendered":"<div data-elementor-type=\"wp-page\" data-elementor-id=\"37\" class=\"elementor elementor-37\">\n\t\t\t\t\t\t\t<div class=\"elementor-element elementor-element-4eedcb6 e-flex e-con-boxed e-con e-parent\" data-id=\"4eedcb6\" data-element_type=\"container\" data-settings=\"{&quot;background_background&quot;:&quot;classic&quot;,&quot;content_width&quot;:&quot;boxed&quot;}\" data-core-v316-plus=\"true\">\n\t\t\t\t\t<div class=\"e-con-inner\">\n\t\t<div class=\"elementor-element elementor-element-3f0bdf3 e-flex e-con-boxed e-con e-child\" data-id=\"3f0bdf3\" data-element_type=\"container\" data-settings=\"{&quot;content_width&quot;:&quot;boxed&quot;}\">\n\t\t\t\t\t<div class=\"e-con-inner\">\n\t\t\t\t<div class=\"elementor-element elementor-element-7a3d1e1 elementor-widget__width-initial elementor-widget elementor-widget-heading\" data-id=\"7a3d1e1\" data-element_type=\"widget\" data-widget_type=\"heading.default\">\n\t\t\t\t<div class=\"elementor-widget-container\">\n\t\t\t<style>\/*! elementor - v3.18.0 - 20-12-2023 *\/\n.elementor-heading-title{padding:0;margin:0;line-height:1}.elementor-widget-heading .elementor-heading-title[class*=elementor-size-]>a{color:inherit;font-size:inherit;line-height:inherit}.elementor-widget-heading .elementor-heading-title.elementor-size-small{font-size:15px}.elementor-widget-heading .elementor-heading-title.elementor-size-medium{font-size:19px}.elementor-widget-heading .elementor-heading-title.elementor-size-large{font-size:29px}.elementor-widget-heading .elementor-heading-title.elementor-size-xl{font-size:39px}.elementor-widget-heading .elementor-heading-title.elementor-size-xxl{font-size:59px}<\/style><h1 class=\"elementor-heading-title elementor-size-default\">Descargos de Responsabilidad<\/h1>\t\t<\/div>\n\t\t\t\t<\/div>\n\t\t\t\t\t<\/div>\n\t\t\t\t<\/div>\n\t\t\t\t\t<\/div>\n\t\t\t\t<\/div>\n\t\t<div class=\"elementor-element elementor-element-51b50f6 e-flex e-con-boxed e-con e-parent\" data-id=\"51b50f6\" data-element_type=\"container\" data-settings=\"{&quot;content_width&quot;:&quot;boxed&quot;}\" data-core-v316-plus=\"true\">\n\t\t\t\t\t<div class=\"e-con-inner\">\n\t\t<div class=\"elementor-element elementor-element-8207d6d e-con-full e-flex e-con e-child\" data-id=\"8207d6d\" data-element_type=\"container\" data-settings=\"{&quot;content_width&quot;:&quot;full&quot;}\">\n\t\t\t\t<div class=\"elementor-element elementor-element-f17df64 elementor-widget elementor-widget-heading\" data-id=\"f17df64\" data-element_type=\"widget\" data-widget_type=\"heading.default\">\n\t\t\t\t<div class=\"elementor-widget-container\">\n\t\t\t<p class=\"elementor-heading-title elementor-size-default\">La informaci\u00f3n contenida en este sitio web es s\u00f3lo para fines de informaci\u00f3n general. La informaci\u00f3n es proporcionada por Samana Wasi Sibayo y, si bien nos esforzamos por mantener la informaci\u00f3n actualizada y correcta, no hacemos representaciones ni garant\u00edas de ning\u00fan tipo, expresas o impl\u00edcitas, sobre la integridad, precisi\u00f3n, confiabilidad, idoneidad o disponibilidad con respecto a el sitio web o la informaci\u00f3n, productos, servicios o gr\u00e1ficos relacionados contenidos en el sitio web para cualquier prop\u00f3sito. Por lo tanto, cualquier confianza que usted deposite en dicha informaci\u00f3n es estrictamente bajo su propio riesgo.\n<br>\n<br>En ning\u00fan caso seremos responsables de ninguna p\u00e9rdida o da\u00f1o, incluidos, entre otros, p\u00e9rdidas o da\u00f1os indirectos o consecuentes, o cualquier p\u00e9rdida o da\u00f1o que surja de la p\u00e9rdida de datos o ganancias que surjan de, o en conexi\u00f3n con, el uso de este sitio web.\n<br>\n<br>A trav\u00e9s de este sitio web usted puede establecer enlaces a otros sitios web que no est\u00e1n bajo el control de Samana Wasi Sibayo. No tenemos control sobre la naturaleza, el contenido y la disponibilidad de esos sitios. La inclusi\u00f3n de cualquier enlace no implica necesariamente una recomendaci\u00f3n ni respalda las opiniones expresadas en ellos.\n<br>\n<br>Se hace todo lo posible para mantener el sitio web funcionando sin problemas. Sin embargo, Samana Wasi Sibayo no se hace responsable ni ser\u00e1 responsable de que el sitio web no est\u00e9 disponible temporalmente debido a problemas t\u00e9cnicos fuera de nuestro control.\n\n<\/p>\t\t<\/div>\n\t\t\t\t<\/div>\n\t\t\t\t<\/div>\n\t\t\t\t\t<\/div>\n\t\t\t\t<\/div>\n\t\t\t\t\t\t\t<\/div>","protected":false},"excerpt":{"rendered":"<p>Descargos de Responsabilidad La informaci\u00f3n contenida en este sitio web es s\u00f3lo para fines de informaci\u00f3n general. La informaci\u00f3n es [&hellip;]<\/p>","protected":false},"author":1,"featured_media":108,"parent":0,"menu_order":0,"comment_status":"closed","ping_status":"closed","template":"elementor_header_footer","meta":{"site-sidebar-layout":"no-sidebar","site-content-layout":"","ast-site-content-layout":"full-width-container","site-content-style":"default","site-sidebar-style":"default","ast-global-header-display":"","ast-banner-title-visibility":"","ast-main-header-display":"","ast-hfb-above-header-display":"","ast-hfb-below-header-display":"","ast-hfb-mobile-header-display":"","site-post-title":"disabled","ast-breadcrumbs-content":"","ast-featured-img":"disabled","footer-sml-layout":"","theme-transparent-header-meta":"","adv-header-id-meta":"","stick-header-meta":"","header-above-stick-meta":"","header-main-stick-meta":"","header-below-stick-meta":"","astra-migrate-meta-layouts":"default","ast-page-background-enabled":"default","ast-page-background-meta":{"desktop":{"background-color":"var(--ast-global-color-4)","background-image":"","background-repeat":"repeat","background-position":"center center","background-size":"auto","background-attachment":"scroll","background-type":"","background-media":"","overlay-type":"","overlay-color":"","overlay-gradient":""},"tablet":{"background-color":"","background-image":"","background-repeat":"repeat","background-position":"center center","background-size":"auto","background-attachment":"scroll","background-type":"","background-media":"","overlay-type":"","overlay-color":"","overlay-gradient":""},"mobile":{"background-color":"","background-image":"","background-repeat":"repeat","background-position":"center center","background-size":"auto","background-attachment":"scroll","background-type":"","background-media":"","overlay-type":"","overlay-color":"","overlay-gradient":""}},"ast-content-background-meta":{"desktop":{"background-color":"var(--ast-global-color-5)","background-image":"","background-repeat":"repeat","background-position":"center center","background-size":"auto","background-attachment":"scroll","background-type":"","background-media":"","overlay-type":"","overlay-color":"","overlay-gradient":""},"tablet":{"background-color":"var(--ast-global-color-5)","background-image":"","background-repeat":"repeat","background-position":"center center","background-size":"auto","background-attachment":"scroll","background-type":"","background-media":"","overlay-type":"","overlay-color":"","overlay-gradient":""},"mobile":{"background-color":"var(--ast-global-color-5)","background-image":"","background-repeat":"repeat","background-position":"center center","background-size":"auto","background-attachment":"scroll","background-type":"","background-media":"","overlay-type":"","overlay-color":"","overlay-gradient":""}},"two_page_speed":[],"footnotes":""},"class_list":["post-37","page","type-page","status-publish","has-post-thumbnail","hentry"],"yoast_head":"<!-- This site is optimized with the Yoast SEO plugin v22.3 - https:\/\/yoast.com\/wordpress\/plugins\/seo\/ -->\n<title>Descargos de responsabilidad | Sibayo Samana Wasi<\/title>\n<meta name=\"robots\" content=\"index, follow, max-snippet:-1, max-image-preview:large, max-video-preview:-1\" \/>\n<link rel=\"canonical\" href=\"https:\/\/sibayosamanawasi.com\/en\/descargos-de-responsabilidad\/\" \/>\n<meta property=\"og:locale\" content=\"en_US\" \/>\n<meta property=\"og:type\" content=\"article\" \/>\n<meta property=\"og:title\" content=\"Descargos de responsabilidad | Sibayo Samana Wasi\" \/>\n<meta property=\"og:description\" content=\"Descargos de Responsabilidad La informaci\u00f3n contenida en este sitio web es s\u00f3lo para fines de informaci\u00f3n general. La informaci\u00f3n es [&hellip;]\" \/>\n<meta property=\"og:url\" content=\"https:\/\/sibayosamanawasi.com\/en\/descargos-de-responsabilidad\/\" \/>\n<meta property=\"og:site_name\" content=\"Sibayo Samana Wasi\" \/>\n<meta property=\"article:publisher\" content=\"https:\/\/web.facebook.com\/samanawasisibayo\" \/>\n<meta property=\"article:modified_time\" content=\"2024-03-08T00:22:46+00:00\" \/>\n<meta property=\"og:image\" content=\"https:\/\/sibayosamanawasi.com\/wp-content\/uploads\/2024\/01\/logo-samana-wasi.jpg\" \/>\n\t<meta property=\"og:image:width\" content=\"1438\" \/>\n\t<meta property=\"og:image:height\" content=\"923\" \/>\n\t<meta property=\"og:image:type\" content=\"image\/jpeg\" \/>\n<meta name=\"twitter:card\" content=\"summary_large_image\" \/>\n<meta name=\"twitter:label1\" content=\"Est. reading time\" \/>\n\t<meta name=\"twitter:data1\" content=\"1 minute\" \/>\n<script type=\"application\/ld+json\" class=\"yoast-schema-graph\">{\"@context\":\"https:\/\/schema.org\",\"@graph\":[{\"@type\":\"WebPage\",\"@id\":\"https:\/\/sibayosamanawasi.com\/descargos-de-responsabilidad\/\",\"url\":\"https:\/\/sibayosamanawasi.com\/descargos-de-responsabilidad\/\",\"name\":\"Descargos de responsabilidad | Sibayo Samana Wasi\",\"isPartOf\":{\"@id\":\"https:\/\/sibayosamanawasi.com\/#website\"},\"primaryImageOfPage\":{\"@id\":\"https:\/\/sibayosamanawasi.com\/descargos-de-responsabilidad\/#primaryimage\"},\"image\":{\"@id\":\"https:\/\/sibayosamanawasi.com\/descargos-de-responsabilidad\/#primaryimage\"},\"thumbnailUrl\":\"https:\/\/sibayosamanawasi.com\/wp-content\/uploads\/2024\/01\/logo-samana-wasi.jpg\",\"datePublished\":\"2024-01-06T00:28:12+00:00\",\"dateModified\":\"2024-03-08T00:22:46+00:00\",\"breadcrumb\":{\"@id\":\"https:\/\/sibayosamanawasi.com\/descargos-de-responsabilidad\/#breadcrumb\"},\"inLanguage\":\"en-US\",\"potentialAction\":[{\"@type\":\"ReadAction\",\"target\":[\"https:\/\/sibayosamanawasi.com\/descargos-de-responsabilidad\/\"]}]},{\"@type\":\"ImageObject\",\"inLanguage\":\"en-US\",\"@id\":\"https:\/\/sibayosamanawasi.com\/descargos-de-responsabilidad\/#primaryimage\",\"url\":\"https:\/\/sibayosamanawasi.com\/wp-content\/uploads\/2024\/01\/logo-samana-wasi.jpg\",\"contentUrl\":\"https:\/\/sibayosamanawasi.com\/wp-content\/uploads\/2024\/01\/logo-samana-wasi.jpg\",\"width\":1438,\"height\":923},{\"@type\":\"BreadcrumbList\",\"@id\":\"https:\/\/sibayosamanawasi.com\/descargos-de-responsabilidad\/#breadcrumb\",\"itemListElement\":[{\"@type\":\"ListItem\",\"position\":1,\"name\":\"Portada\",\"item\":\"https:\/\/sibayosamanawasi.com\/\"},{\"@type\":\"ListItem\",\"position\":2,\"name\":\"Descargos de responsabilidad\"}]},{\"@type\":\"WebSite\",\"@id\":\"https:\/\/sibayosamanawasi.com\/#website\",\"url\":\"https:\/\/sibayosamanawasi.com\/\",\"name\":\"Sibayo Samana Wasi\",\"description\":\"Turismo Vivencial en Colca\",\"publisher\":{\"@id\":\"https:\/\/sibayosamanawasi.com\/#organization\"},\"potentialAction\":[{\"@type\":\"SearchAction\",\"target\":{\"@type\":\"EntryPoint\",\"urlTemplate\":\"https:\/\/sibayosamanawasi.com\/?s={search_term_string}\"},\"query-input\":\"required name=search_term_string\"}],\"inLanguage\":\"en-US\"},{\"@type\":\"Organization\",\"@id\":\"https:\/\/sibayosamanawasi.com\/#organization\",\"name\":\"Sibayo Samana Wasi\",\"url\":\"https:\/\/sibayosamanawasi.com\/\",\"logo\":{\"@type\":\"ImageObject\",\"inLanguage\":\"en-US\",\"@id\":\"https:\/\/sibayosamanawasi.com\/#\/schema\/logo\/image\/\",\"url\":\"https:\/\/sibayosamanawasi.com\/wp-content\/uploads\/2024\/01\/logo-samana-was-pequeno.jpg\",\"contentUrl\":\"https:\/\/sibayosamanawasi.com\/wp-content\/uploads\/2024\/01\/logo-samana-was-pequeno.jpg\",\"width\":869,\"height\":587,\"caption\":\"Sibayo Samana Wasi\"},\"image\":{\"@id\":\"https:\/\/sibayosamanawasi.com\/#\/schema\/logo\/image\/\"},\"sameAs\":[\"https:\/\/web.facebook.com\/samanawasisibayo\",\"https:\/\/youtube.com\/@SIBAYOSAMANAWASI-fc5sx?si=uD1nqO-8JbkCMAFf\"]}]}<\/script>\n<!-- \/ Yoast SEO plugin. -->","yoast_head_json":{"title":"Descargos de responsabilidad | Sibayo Samana Wasi","robots":{"index":"index","follow":"follow","max-snippet":"max-snippet:-1","max-image-preview":"max-image-preview:large","max-video-preview":"max-video-preview:-1"},"canonical":"https:\/\/sibayosamanawasi.com\/en\/descargos-de-responsabilidad\/","og_locale":"en_US","og_type":"article","og_title":"Descargos de responsabilidad | Sibayo Samana Wasi","og_description":"Descargos de Responsabilidad La informaci\u00f3n contenida en este sitio web es s\u00f3lo para fines de informaci\u00f3n general. La informaci\u00f3n es [&hellip;]","og_url":"https:\/\/sibayosamanawasi.com\/en\/descargos-de-responsabilidad\/","og_site_name":"Sibayo Samana Wasi","article_publisher":"https:\/\/web.facebook.com\/samanawasisibayo","article_modified_time":"2024-03-08T00:22:46+00:00","og_image":[{"width":1438,"height":923,"url":"https:\/\/sibayosamanawasi.com\/wp-content\/uploads\/2024\/01\/logo-samana-wasi.jpg","type":"image\/jpeg"}],"twitter_card":"summary_large_image","twitter_misc":{"Est. reading time":"1 minute"},"schema":{"@context":"https:\/\/schema.org","@graph":[{"@type":"WebPage","@id":"https:\/\/sibayosamanawasi.com\/descargos-de-responsabilidad\/","url":"https:\/\/sibayosamanawasi.com\/descargos-de-responsabilidad\/","name":"Descargos de responsabilidad | Sibayo Samana Wasi","isPartOf":{"@id":"https:\/\/sibayosamanawasi.com\/#website"},"primaryImageOfPage":{"@id":"https:\/\/sibayosamanawasi.com\/descargos-de-responsabilidad\/#primaryimage"},"image":{"@id":"https:\/\/sibayosamanawasi.com\/descargos-de-responsabilidad\/#primaryimage"},"thumbnailUrl":"https:\/\/sibayosamanawasi.com\/wp-content\/uploads\/2024\/01\/logo-samana-wasi.jpg","datePublished":"2024-01-06T00:28:12+00:00","dateModified":"2024-03-08T00:22:46+00:00","breadcrumb":{"@id":"https:\/\/sibayosamanawasi.com\/descargos-de-responsabilidad\/#breadcrumb"},"inLanguage":"en-US","potentialAction":[{"@type":"ReadAction","target":["https:\/\/sibayosamanawasi.com\/descargos-de-responsabilidad\/"]}]},{"@type":"ImageObject","inLanguage":"en-US","@id":"https:\/\/sibayosamanawasi.com\/descargos-de-responsabilidad\/#primaryimage","url":"https:\/\/sibayosamanawasi.com\/wp-content\/uploads\/2024\/01\/logo-samana-wasi.jpg","contentUrl":"https:\/\/sibayosamanawasi.com\/wp-content\/uploads\/2024\/01\/logo-samana-wasi.jpg","width":1438,"height":923},{"@type":"BreadcrumbList","@id":"https:\/\/sibayosamanawasi.com\/descargos-de-responsabilidad\/#breadcrumb","itemListElement":[{"@type":"ListItem","position":1,"name":"Portada","item":"https:\/\/sibayosamanawasi.com\/"},{"@type":"ListItem","position":2,"name":"Descargos de responsabilidad"}]},{"@type":"WebSite","@id":"https:\/\/sibayosamanawasi.com\/#website","url":"https:\/\/sibayosamanawasi.com\/","name":"Sibayo Samana Wasi","description":"Turismo Vivencial en Colca","publisher":{"@id":"https:\/\/sibayosamanawasi.com\/#organization"},"potentialAction":[{"@type":"SearchAction","target":{"@type":"EntryPoint","urlTemplate":"https:\/\/sibayosamanawasi.com\/?s={search_term_string}"},"query-input":"required name=search_term_string"}],"inLanguage":"en-US"},{"@type":"Organization","@id":"https:\/\/sibayosamanawasi.com\/#organization","name":"Sibayo Samana Wasi","url":"https:\/\/sibayosamanawasi.com\/","logo":{"@type":"ImageObject","inLanguage":"en-US","@id":"https:\/\/sibayosamanawasi.com\/#\/schema\/logo\/image\/","url":"https:\/\/sibayosamanawasi.com\/wp-content\/uploads\/2024\/01\/logo-samana-was-pequeno.jpg","contentUrl":"https:\/\/sibayosamanawasi.com\/wp-content\/uploads\/2024\/01\/logo-samana-was-pequeno.jpg","width":869,"height":587,"caption":"Sibayo Samana Wasi"},"image":{"@id":"https:\/\/sibayosamanawasi.com\/#\/schema\/logo\/image\/"},"sameAs":["https:\/\/web.facebook.com\/samanawasisibayo","https:\/\/youtube.com\/@SIBAYOSAMANAWASI-fc5sx?si=uD1nqO-8JbkCMAFf"]}]}},"_links":{"self":[{"href":"https:\/\/sibayosamanawasi.com\/en\/wp-json\/wp\/v2\/pages\/37","targetHints":{"allow":["GET"]}}],"collection":[{"href":"https:\/\/sibayosamanawasi.com\/en\/wp-json\/wp\/v2\/pages"}],"about":[{"href":"https:\/\/sibayosamanawasi.com\/en\/wp-json\/wp\/v2\/types\/page"}],"author":[{"embeddable":true,"href":"https:\/\/sibayosamanawasi.com\/en\/wp-json\/wp\/v2\/users\/1"}],"replies":[{"embeddable":true,"href":"https:\/\/sibayosamanawasi.com\/en\/wp-json\/wp\/v2\/comments?post=37"}],"version-history":[{"count":13,"href":"https:\/\/sibayosamanawasi.com\/en\/wp-json\/wp\/v2\/pages\/37\/revisions"}],"predecessor-version":[{"id":1362,"href":"https:\/\/sibayosamanawasi.com\/en\/wp-json\/wp\/v2\/pages\/37\/revisions\/1362"}],"wp:featuredmedia":[{"embeddable":true,"href":"https:\/\/sibayosamanawasi.com\/en\/wp-json\/wp\/v2\/media\/108"}],"wp:attachment":[{"href":"https:\/\/sibayosamanawasi.com\/en\/wp-json\/wp\/v2\/media?parent=37"}],"curies":[{"name":"wp","href":"https:\/\/api.w.org\/{rel}","templated":true}]}}